{"id":8079,"date":"2024-06-20T22:27:55","date_gmt":"2024-06-21T03:27:55","guid":{"rendered":"https:\/\/lamajamina.com\/?page_id=8079"},"modified":"2024-06-21T11:00:55","modified_gmt":"2024-06-21T16:00:55","slug":"viche-la-siempre-viva","status":"publish","type":"page","link":"https:\/\/lamajamina.com\/index.php\/viche-la-siempre-viva\/","title":{"rendered":"Viche La Siempre Viva"},"content":{"rendered":"\t\t<div data-elementor-type=\"wp-page\" data-elementor-id=\"8079\" class=\"elementor elementor-8079\" data-elementor-post-type=\"page\">\n\t\t\t\t<div class=\"elementor-element elementor-element-4cc8f12 e-flex e-con-boxed e-con e-parent\" data-id=\"4cc8f12\" data-element_type=\"container\" data-core-v316-plus=\"true\">\n\t\t\t\t\t<div class=\"e-con-inner\">\n\t\t\t\t<div class=\"elementor-element elementor-element-e460390 elementor-widget elementor-widget-qi_addons_for_elementor_premium_content_menu\" data-id=\"e460390\" data-element_type=\"widget\" data-widget_type=\"qi_addons_for_elementor_premium_content_menu.default\">\n\t\t\t\t<div class=\"elementor-widget-container\">\n\t\t\t<div class=\"qodef-shortcode qodef-m  qodef-qi-content-menu qodef-layout--horizontal qodef-menu-item-style--default      qodef-alignment--left   \">\n\t\t<nav class=\"qodef-content-menu\"><ul id=\"menu-la-maja\" class=\"menu\"><li class=\"menu-item menu-item-type-post_type menu-item-object-page menu-item-home menu-item-8139\"><a href=\"https:\/\/lamajamina.com\/\"><span class=\"qodef-m-text\">La Maja Mina<\/span><\/a><\/li>\n<li class=\"menu-item menu-item-type-post_type menu-item-object-page menu-item-7996\"><a href=\"https:\/\/lamajamina.com\/index.php\/about-us\/\"><span class=\"qodef-m-text\">Encuentros Vicheros<\/span><\/a><\/li>\n<li class=\"menu-item menu-item-type-post_type menu-item-object-page menu-item-8140\"><a href=\"https:\/\/lamajamina.com\/index.php\/publicaciones\/\"><span class=\"qodef-m-text\">Publicaciones<\/span><\/a><\/li>\n<li class=\"menu-item menu-item-type-post_type menu-item-object-page menu-item-8093\"><a href=\"https:\/\/lamajamina.com\/index.php\/viche-la-siempre-viva\/\"><span class=\"qodef-m-text\">Viche La Siempre Viva<\/span><\/a><\/li>\n<\/ul><\/nav><\/div>\n\t\t<\/div>\n\t\t\t\t<\/div>\n\t\t<div class=\"elementor-element elementor-element-fb6191f e-flex e-con-boxed e-con e-child\" data-id=\"fb6191f\" data-element_type=\"container\">\n\t\t\t\t\t<div class=\"e-con-inner\">\n\t\t\t\t<div class=\"elementor-element elementor-element-d566479 elementor-widget elementor-widget-qi_addons_for_elementor_animated_text\" data-id=\"d566479\" data-element_type=\"widget\" data-widget_type=\"qi_addons_for_elementor_animated_text.default\">\n\t\t\t\t<div class=\"elementor-widget-container\">\n\t\t\t<div class=\"qodef-shortcode qodef-m  qodef-qi-animated-text  qodef--alignment-left qodef-qi--has-appear qodef--appear-from-bottom\" >\n\t\t<h2 class=\"qodef-m-title\">\n\t\tViche La Siempre Viva\t<\/h2>\n<\/div>\n\t\t<\/div>\n\t\t\t\t<\/div>\n\t\t\t\t\t<\/div>\n\t\t\t\t<\/div>\n\t\t\t\t\t<\/div>\n\t\t\t\t<\/div>\n\t\t<div class=\"elementor-element elementor-element-714fa5e e-flex e-con-boxed e-con e-parent\" data-id=\"714fa5e\" data-element_type=\"container\" data-core-v316-plus=\"true\">\n\t\t\t\t\t<div class=\"e-con-inner\">\n\t\t\t\t<div class=\"elementor-element elementor-element-343fa84 elementor-widget elementor-widget-qi_addons_for_elementor_dual_image_with_content\" data-id=\"343fa84\" data-element_type=\"widget\" data-widget_type=\"qi_addons_for_elementor_dual_image_with_content.default\">\n\t\t\t\t<div class=\"elementor-widget-container\">\n\t\t\t<div class=\"qodef-shortcode qodef-m  qodef-qi-dual-image-with-content qodef--content-left qodef-decoration--italic qodef-link--underline-draw qodef-qi--has-appear \">\n\t<div class=\"qodef-dual-content\">\n\t\t<div class=\"qodef-m-inner-content\">\n\t\t\t\t\t\t\t<p class=\"qodef-m-text\">\nViche La Siempre Viva es un emprendimiento cultural de bebidas ancestrales del Pac\u00edfico Colombiano, que nace en el a\u00f1o 2019 en el Distrito de Aguablanca Oriente de Cali, un proyecto familiar creado por la poeta, vichera y gestora cultural Mayra Alejandra Mina proveniente de familia con tradici\u00f3n vichera en el Pac\u00edfico Norte Caucano, el cual busca a trav\u00e9s de encuentros, charlas, conversatorios, ferias y talleres generar pedagog\u00edas entorno al Viche y sus derivados que permitan al p\u00fablico conectar, conocer y reconocer su importancia dentro de nuestros territorios, no solo como una bebida alcoh\u00f3lica si no tambi\u00e9n como una bebida ancestral que hace parte de nuestras pr\u00e1cticas culturales, tradiciones, formas de sostenimiento y desarrollo comunitario, las cuales contribuyan a la visibilizaci\u00f3n, reivindicaci\u00f3n y preservaci\u00f3n del Viche como patrimonio cultural de las comunidades negras.\n<\/p>\n\t\t<\/div>\n\t\t<div class=\"qodef-m-inner-bottom\">\n\t\t\t\t\t<\/div>\n\t<\/div>\n\t<div class=\"qodef-image-holder\">\n\t\t<div class=\"qodef-m-main-image\">\n\t<img decoding=\"async\" width=\"150\" height=\"150\" src=\"https:\/\/lamajamina.com\/wp-content\/uploads\/2024\/06\/cuadrado-amarillo-150x150.png\" class=\"attachment-thumbnail size-thumbnail\" alt=\"\" srcset=\"https:\/\/lamajamina.com\/wp-content\/uploads\/2024\/06\/cuadrado-amarillo-150x150.png 150w, https:\/\/lamajamina.com\/wp-content\/uploads\/2024\/06\/cuadrado-amarillo-650x650.png 650w, https:\/\/lamajamina.com\/wp-content\/uploads\/2024\/06\/cuadrado-amarillo-300x300.png 300w, https:\/\/lamajamina.com\/wp-content\/uploads\/2024\/06\/cuadrado-amarillo-100x100.png 100w\" sizes=\"(max-width: 150px) 100vw, 150px\" \/><\/div>\n\t\t<div class=\"qodef-m-second-image\">\n\t<img fetchpriority=\"high\" decoding=\"async\" width=\"1920\" height=\"2560\" src=\"https:\/\/lamajamina.com\/wp-content\/uploads\/2024\/06\/IMG_8167-scaled.jpg\" class=\"attachment-full size-full\" alt=\"\" srcset=\"https:\/\/lamajamina.com\/wp-content\/uploads\/2024\/06\/IMG_8167-scaled.jpg 1920w, https:\/\/lamajamina.com\/wp-content\/uploads\/2024\/06\/IMG_8167-225x300.jpg 225w, https:\/\/lamajamina.com\/wp-content\/uploads\/2024\/06\/IMG_8167-768x1024.jpg 768w, https:\/\/lamajamina.com\/wp-content\/uploads\/2024\/06\/IMG_8167-1152x1536.jpg 1152w, https:\/\/lamajamina.com\/wp-content\/uploads\/2024\/06\/IMG_8167-1536x2048.jpg 1536w, https:\/\/lamajamina.com\/wp-content\/uploads\/2024\/06\/IMG_8167-600x800.jpg 600w\" sizes=\"(max-width: 1920px) 100vw, 1920px\" \/><\/div>\n\t<\/div>\n<\/div>\n\t\t<\/div>\n\t\t\t\t<\/div>\n\t\t\t\t<div class=\"elementor-element elementor-element-4372b40 elementor-widget elementor-widget-qi_addons_for_elementor_image_slider\" data-id=\"4372b40\" data-element_type=\"widget\" data-widget_type=\"qi_addons_for_elementor_image_slider.default\">\n\t\t\t\t<div class=\"elementor-widget-container\">\n\t\t\t<div class=\"qodef-shortcode qodef-m  qodef-qi-image-slider qodef-qi-fslightbox-popup qodef-popup-gallery qodef-image--hover-zoom   qodef-col-num--3 qodef-qi-grid qodef-qi-swiper-container  qodef-navigation--inside  qodef-pagination--inside    qodef-navigation--hover-move\" data-options=\"{&quot;direction&quot;:&quot;horizontal&quot;,&quot;slidesPerView&quot;:&quot;3&quot;,&quot;spaceBetween&quot;:25,&quot;spaceBetweenTablet&quot;:30,&quot;spaceBetweenMobile&quot;:30,&quot;effect&quot;:&quot;&quot;,&quot;loop&quot;:true,&quot;autoplay&quot;:true,&quot;centeredSlides&quot;:false,&quot;speed&quot;:&quot;&quot;,&quot;speedAnimation&quot;:&quot;&quot;,&quot;outsideNavigation&quot;:&quot;no&quot;,&quot;outsidePagination&quot;:&quot;no&quot;,&quot;unique&quot;:92,&quot;partialValue&quot;:0,&quot;disablePartialValue&quot;:&quot;&quot;}\">\n\t<div class=\"swiper-wrapper\">\n\t\t\n<div class=\"qodef-e swiper-slide\">\n\t<div class=\"qodef-e-inner\">\n\t\t<div class=\"qodef-e-inner-holder\">\n\t\t\t\t\t\t\t<a class=\"qodef-popup-item\" itemprop=\"image\" href=\"https:\/\/lamajamina.com\/wp-content\/uploads\/2024\/06\/ADV-2-1-scaled.jpg\" data-type=\"image\" data-fslightbox=\"gallery-92\">\n\t\t\t\t\t\t\t<img decoding=\"async\" width=\"2048\" height=\"2560\" src=\"https:\/\/lamajamina.com\/wp-content\/uploads\/2024\/06\/ADV-2-1-scaled.jpg\" class=\"attachment-full size-full\" alt=\"\" srcset=\"https:\/\/lamajamina.com\/wp-content\/uploads\/2024\/06\/ADV-2-1-scaled.jpg 2048w, https:\/\/lamajamina.com\/wp-content\/uploads\/2024\/06\/ADV-2-1-240x300.jpg 240w, https:\/\/lamajamina.com\/wp-content\/uploads\/2024\/06\/ADV-2-1-819x1024.jpg 819w, https:\/\/lamajamina.com\/wp-content\/uploads\/2024\/06\/ADV-2-1-768x960.jpg 768w, https:\/\/lamajamina.com\/wp-content\/uploads\/2024\/06\/ADV-2-1-1229x1536.jpg 1229w, https:\/\/lamajamina.com\/wp-content\/uploads\/2024\/06\/ADV-2-1-1638x2048.jpg 1638w, https:\/\/lamajamina.com\/wp-content\/uploads\/2024\/06\/ADV-2-1-600x750.jpg 600w\" sizes=\"(max-width: 2048px) 100vw, 2048px\" \/>\t\t\t\t\t\t\t<\/a>\n\t\t\t\t\t<\/div>\n\t<\/div>\n\t<\/div>\n\n<div class=\"qodef-e swiper-slide\">\n\t<div class=\"qodef-e-inner\">\n\t\t<div class=\"qodef-e-inner-holder\">\n\t\t\t\t\t\t\t<a class=\"qodef-popup-item\" itemprop=\"image\" href=\"https:\/\/lamajamina.com\/wp-content\/uploads\/2024\/06\/P1010455-scaled.jpg\" data-type=\"image\" data-fslightbox=\"gallery-92\">\n\t\t\t\t\t\t\t<img loading=\"lazy\" decoding=\"async\" width=\"2560\" height=\"1920\" src=\"https:\/\/lamajamina.com\/wp-content\/uploads\/2024\/06\/P1010455-scaled.jpg\" class=\"attachment-full size-full\" alt=\"\" srcset=\"https:\/\/lamajamina.com\/wp-content\/uploads\/2024\/06\/P1010455-scaled.jpg 2560w, https:\/\/lamajamina.com\/wp-content\/uploads\/2024\/06\/P1010455-300x225.jpg 300w, https:\/\/lamajamina.com\/wp-content\/uploads\/2024\/06\/P1010455-1024x768.jpg 1024w, https:\/\/lamajamina.com\/wp-content\/uploads\/2024\/06\/P1010455-768x576.jpg 768w, https:\/\/lamajamina.com\/wp-content\/uploads\/2024\/06\/P1010455-1536x1152.jpg 1536w, https:\/\/lamajamina.com\/wp-content\/uploads\/2024\/06\/P1010455-2048x1536.jpg 2048w, https:\/\/lamajamina.com\/wp-content\/uploads\/2024\/06\/P1010455-600x450.jpg 600w\" sizes=\"(max-width: 2560px) 100vw, 2560px\" \/>\t\t\t\t\t\t\t<\/a>\n\t\t\t\t\t<\/div>\n\t<\/div>\n\t<\/div>\n\n<div class=\"qodef-e swiper-slide\">\n\t<div class=\"qodef-e-inner\">\n\t\t<div class=\"qodef-e-inner-holder\">\n\t\t\t\t\t\t\t<a class=\"qodef-popup-item\" itemprop=\"image\" href=\"https:\/\/lamajamina.com\/wp-content\/uploads\/2024\/06\/321112123_5422050097900268_3170255105918931325_n.jpg\" data-type=\"image\" data-fslightbox=\"gallery-92\">\n\t\t\t\t\t\t\t<img loading=\"lazy\" decoding=\"async\" width=\"1440\" height=\"1800\" src=\"https:\/\/lamajamina.com\/wp-content\/uploads\/2024\/06\/321112123_5422050097900268_3170255105918931325_n.jpg\" class=\"attachment-full size-full\" alt=\"\" srcset=\"https:\/\/lamajamina.com\/wp-content\/uploads\/2024\/06\/321112123_5422050097900268_3170255105918931325_n.jpg 1440w, https:\/\/lamajamina.com\/wp-content\/uploads\/2024\/06\/321112123_5422050097900268_3170255105918931325_n-240x300.jpg 240w, https:\/\/lamajamina.com\/wp-content\/uploads\/2024\/06\/321112123_5422050097900268_3170255105918931325_n-819x1024.jpg 819w, https:\/\/lamajamina.com\/wp-content\/uploads\/2024\/06\/321112123_5422050097900268_3170255105918931325_n-768x960.jpg 768w, https:\/\/lamajamina.com\/wp-content\/uploads\/2024\/06\/321112123_5422050097900268_3170255105918931325_n-1229x1536.jpg 1229w, https:\/\/lamajamina.com\/wp-content\/uploads\/2024\/06\/321112123_5422050097900268_3170255105918931325_n-600x750.jpg 600w\" sizes=\"(max-width: 1440px) 100vw, 1440px\" \/>\t\t\t\t\t\t\t<\/a>\n\t\t\t\t\t<\/div>\n\t<\/div>\n\t<\/div>\n\n<div class=\"qodef-e swiper-slide\">\n\t<div class=\"qodef-e-inner\">\n\t\t<div class=\"qodef-e-inner-holder\">\n\t\t\t\t\t\t\t<a class=\"qodef-popup-item\" itemprop=\"image\" href=\"https:\/\/lamajamina.com\/wp-content\/uploads\/2024\/06\/340842243_653437996544113_8241647243566112438_n.jpg\" data-type=\"image\" data-fslightbox=\"gallery-92\">\n\t\t\t\t\t\t\t<img loading=\"lazy\" decoding=\"async\" width=\"720\" height=\"1280\" src=\"https:\/\/lamajamina.com\/wp-content\/uploads\/2024\/06\/340842243_653437996544113_8241647243566112438_n.jpg\" class=\"attachment-full size-full\" alt=\"\" srcset=\"https:\/\/lamajamina.com\/wp-content\/uploads\/2024\/06\/340842243_653437996544113_8241647243566112438_n.jpg 720w, https:\/\/lamajamina.com\/wp-content\/uploads\/2024\/06\/340842243_653437996544113_8241647243566112438_n-169x300.jpg 169w, https:\/\/lamajamina.com\/wp-content\/uploads\/2024\/06\/340842243_653437996544113_8241647243566112438_n-576x1024.jpg 576w, https:\/\/lamajamina.com\/wp-content\/uploads\/2024\/06\/340842243_653437996544113_8241647243566112438_n-600x1067.jpg 600w\" sizes=\"(max-width: 720px) 100vw, 720px\" \/>\t\t\t\t\t\t\t<\/a>\n\t\t\t\t\t<\/div>\n\t<\/div>\n\t<\/div>\n\n<div class=\"qodef-e swiper-slide\">\n\t<div class=\"qodef-e-inner\">\n\t\t<div class=\"qodef-e-inner-holder\">\n\t\t\t\t\t\t\t<a class=\"qodef-popup-item\" itemprop=\"image\" href=\"https:\/\/lamajamina.com\/wp-content\/uploads\/2024\/06\/424428683_294941166551712_596600695525857581_n.jpg\" data-type=\"image\" data-fslightbox=\"gallery-92\">\n\t\t\t\t\t\t\t<img loading=\"lazy\" decoding=\"async\" width=\"1440\" height=\"1800\" src=\"https:\/\/lamajamina.com\/wp-content\/uploads\/2024\/06\/424428683_294941166551712_596600695525857581_n.jpg\" class=\"attachment-full size-full\" alt=\"\" srcset=\"https:\/\/lamajamina.com\/wp-content\/uploads\/2024\/06\/424428683_294941166551712_596600695525857581_n.jpg 1440w, https:\/\/lamajamina.com\/wp-content\/uploads\/2024\/06\/424428683_294941166551712_596600695525857581_n-240x300.jpg 240w, https:\/\/lamajamina.com\/wp-content\/uploads\/2024\/06\/424428683_294941166551712_596600695525857581_n-819x1024.jpg 819w, https:\/\/lamajamina.com\/wp-content\/uploads\/2024\/06\/424428683_294941166551712_596600695525857581_n-768x960.jpg 768w, https:\/\/lamajamina.com\/wp-content\/uploads\/2024\/06\/424428683_294941166551712_596600695525857581_n-1229x1536.jpg 1229w, https:\/\/lamajamina.com\/wp-content\/uploads\/2024\/06\/424428683_294941166551712_596600695525857581_n-600x750.jpg 600w\" sizes=\"(max-width: 1440px) 100vw, 1440px\" \/>\t\t\t\t\t\t\t<\/a>\n\t\t\t\t\t<\/div>\n\t<\/div>\n\t<\/div>\n\n<div class=\"qodef-e swiper-slide\">\n\t<div class=\"qodef-e-inner\">\n\t\t<div class=\"qodef-e-inner-holder\">\n\t\t\t\t\t\t\t<a class=\"qodef-popup-item\" itemprop=\"image\" href=\"https:\/\/lamajamina.com\/wp-content\/uploads\/2024\/06\/355422629_823044112860304_4593929531241138595_n.jpg\" data-type=\"image\" data-fslightbox=\"gallery-92\">\n\t\t\t\t\t\t\t<img loading=\"lazy\" decoding=\"async\" width=\"1080\" height=\"1920\" src=\"https:\/\/lamajamina.com\/wp-content\/uploads\/2024\/06\/355422629_823044112860304_4593929531241138595_n.jpg\" class=\"attachment-full size-full\" alt=\"\" srcset=\"https:\/\/lamajamina.com\/wp-content\/uploads\/2024\/06\/355422629_823044112860304_4593929531241138595_n.jpg 1080w, https:\/\/lamajamina.com\/wp-content\/uploads\/2024\/06\/355422629_823044112860304_4593929531241138595_n-169x300.jpg 169w, https:\/\/lamajamina.com\/wp-content\/uploads\/2024\/06\/355422629_823044112860304_4593929531241138595_n-576x1024.jpg 576w, https:\/\/lamajamina.com\/wp-content\/uploads\/2024\/06\/355422629_823044112860304_4593929531241138595_n-768x1365.jpg 768w, https:\/\/lamajamina.com\/wp-content\/uploads\/2024\/06\/355422629_823044112860304_4593929531241138595_n-864x1536.jpg 864w, https:\/\/lamajamina.com\/wp-content\/uploads\/2024\/06\/355422629_823044112860304_4593929531241138595_n-600x1067.jpg 600w\" sizes=\"(max-width: 1080px) 100vw, 1080px\" \/>\t\t\t\t\t\t\t<\/a>\n\t\t\t\t\t<\/div>\n\t<\/div>\n\t<\/div>\n\n<div class=\"qodef-e swiper-slide\">\n\t<div class=\"qodef-e-inner\">\n\t\t<div class=\"qodef-e-inner-holder\">\n\t\t\t\t\t\t\t<a class=\"qodef-popup-item\" itemprop=\"image\" href=\"https:\/\/lamajamina.com\/wp-content\/uploads\/2024\/06\/416103751_1521431231966947_7768855999965952267_n-scaled.jpg\" data-type=\"image\" data-fslightbox=\"gallery-92\">\n\t\t\t\t\t\t\t<img loading=\"lazy\" decoding=\"async\" width=\"1440\" height=\"2560\" src=\"https:\/\/lamajamina.com\/wp-content\/uploads\/2024\/06\/416103751_1521431231966947_7768855999965952267_n-scaled.jpg\" class=\"attachment-full size-full\" alt=\"\" srcset=\"https:\/\/lamajamina.com\/wp-content\/uploads\/2024\/06\/416103751_1521431231966947_7768855999965952267_n-scaled.jpg 1440w, https:\/\/lamajamina.com\/wp-content\/uploads\/2024\/06\/416103751_1521431231966947_7768855999965952267_n-169x300.jpg 169w, https:\/\/lamajamina.com\/wp-content\/uploads\/2024\/06\/416103751_1521431231966947_7768855999965952267_n-576x1024.jpg 576w, https:\/\/lamajamina.com\/wp-content\/uploads\/2024\/06\/416103751_1521431231966947_7768855999965952267_n-768x1365.jpg 768w, https:\/\/lamajamina.com\/wp-content\/uploads\/2024\/06\/416103751_1521431231966947_7768855999965952267_n-864x1536.jpg 864w, https:\/\/lamajamina.com\/wp-content\/uploads\/2024\/06\/416103751_1521431231966947_7768855999965952267_n-1152x2048.jpg 1152w, https:\/\/lamajamina.com\/wp-content\/uploads\/2024\/06\/416103751_1521431231966947_7768855999965952267_n-600x1067.jpg 600w\" sizes=\"(max-width: 1440px) 100vw, 1440px\" \/>\t\t\t\t\t\t\t<\/a>\n\t\t\t\t\t<\/div>\n\t<\/div>\n\t<\/div>\n\t<\/div>\n\t\t<div class=\"swiper-button-prev\"><svg class=\"qodef-swiper-arrow-left\" xmlns=\"http:\/\/www.w3.org\/2000\/svg\" xmlns:xlink=\"http:\/\/www.w3.org\/1999\/xlink\" x=\"0px\" y=\"0px\" viewBox=\"0 0 34.2 32.3\" xml:space=\"preserve\" style=\"stroke-width: 2;\"><line x1=\"0.5\" y1=\"16\" x2=\"33.5\" y2=\"16\"\/><line x1=\"0.3\" y1=\"16.5\" x2=\"16.2\" y2=\"0.7\"\/><line x1=\"0\" y1=\"15.4\" x2=\"16.2\" y2=\"31.6\"\/><\/svg><\/div>\n\t<div class=\"swiper-button-next\"><svg class=\"qodef-swiper-arrow-right\" xmlns=\"http:\/\/www.w3.org\/2000\/svg\" xmlns:xlink=\"http:\/\/www.w3.org\/1999\/xlink\" x=\"0px\" y=\"0px\" viewBox=\"0 0 34.2 32.3\" xml:space=\"preserve\" style=\"stroke-width: 2;\"><line x1=\"0\" y1=\"16\" x2=\"33\" y2=\"16\"\/><line x1=\"17.3\" y1=\"0.7\" x2=\"33.2\" y2=\"16.5\"\/><line x1=\"17.3\" y1=\"31.6\" x2=\"33.5\" y2=\"15.4\"\/><\/svg><\/div>\n\t<div class=\"swiper-pagination\"><\/div>\n<\/div>\n\t\t<\/div>\n\t\t\t\t<\/div>\n\t\t\t\t\t<\/div>\n\t\t\t\t<\/div>\n\t\t<div class=\"elementor-element elementor-element-16d8ea8 e-flex e-con-boxed e-con e-parent\" data-id=\"16d8ea8\" data-element_type=\"container\" data-core-v316-plus=\"true\">\n\t\t\t\t\t<div class=\"e-con-inner\">\n\t\t<div class=\"elementor-element elementor-element-8e159d0 e-con-full e-flex e-con e-child\" data-id=\"8e159d0\" data-element_type=\"container\">\n\t\t\t\t<\/div>\n\t\t<div class=\"elementor-element elementor-element-7df657c e-con-full e-flex e-con e-child\" data-id=\"7df657c\" data-element_type=\"container\">\n\t\t\t\t<div class=\"elementor-element elementor-element-300a2dc elementor-widget elementor-widget-sbi-widget\" data-id=\"300a2dc\" data-element_type=\"widget\" data-widget_type=\"sbi-widget.default\">\n\t\t\t\t<div class=\"elementor-widget-container\">\n\t\t\t\r\n<div id=\"sb_instagram\"  class=\"sbi sbi_mob_col_1 sbi_tab_col_2 sbi_col_4 sbi_width_resp\" style=\"padding-bottom: 10px;\" data-feedid=\"*2\"  data-res=\"auto\" data-cols=\"4\" data-colsmobile=\"1\" data-colstablet=\"2\" data-num=\"9\" data-nummobile=\"9\" data-shortcode-atts=\"{&quot;feed&quot;:&quot;2&quot;}\"  data-postid=\"8079\" data-locatornonce=\"1e9e30a5f2\" data-sbi-flags=\"favorLocal\">\r\n\t\r\n    <div id=\"sbi_images\"  style=\"padding: 5px;\">\r\n\t\t    <\/div>\r\n\r\n\t<div id=\"sbi_load\" >\r\n\r\n\t\r\n\t\t\t<span class=\"sbi_follow_btn sbi_custom\">\r\n        <a href=\"https:\/\/www.instagram.com\/7824999747536805\/\" style=\"background: rgb(64,139,209);\" target=\"_blank\" rel=\"nofollow noopener\">\r\n            <svg class=\"svg-inline--fa fa-instagram fa-w-14\" aria-hidden=\"true\" data-fa-processed=\"\" aria-label=\"Instagram\" data-prefix=\"fab\" data-icon=\"instagram\" role=\"img\" viewBox=\"0 0 448 512\">\n\t                <path fill=\"currentColor\" d=\"M224.1 141c-63.6 0-114.9 51.3-114.9 114.9s51.3 114.9 114.9 114.9S339 319.5 339 255.9 287.7 141 224.1 141zm0 189.6c-41.1 0-74.7-33.5-74.7-74.7s33.5-74.7 74.7-74.7 74.7 33.5 74.7 74.7-33.6 74.7-74.7 74.7zm146.4-194.3c0 14.9-12 26.8-26.8 26.8-14.9 0-26.8-12-26.8-26.8s12-26.8 26.8-26.8 26.8 12 26.8 26.8zm76.1 27.2c-1.7-35.9-9.9-67.7-36.2-93.9-26.2-26.2-58-34.4-93.9-36.2-37-2.1-147.9-2.1-184.9 0-35.8 1.7-67.6 9.9-93.9 36.1s-34.4 58-36.2 93.9c-2.1 37-2.1 147.9 0 184.9 1.7 35.9 9.9 67.7 36.2 93.9s58 34.4 93.9 36.2c37 2.1 147.9 2.1 184.9 0 35.9-1.7 67.7-9.9 93.9-36.2 26.2-26.2 34.4-58 36.2-93.9 2.1-37 2.1-147.8 0-184.8zM398.8 388c-7.8 19.6-22.9 34.7-42.6 42.6-29.5 11.7-99.5 9-132.1 9s-102.7 2.6-132.1-9c-19.6-7.8-34.7-22.9-42.6-42.6-11.7-29.5-9-99.5-9-132.1s-2.6-102.7 9-132.1c7.8-19.6 22.9-34.7 42.6-42.6 29.5-11.7 99.5-9 132.1-9s102.7-2.6 132.1 9c19.6 7.8 34.7 22.9 42.6 42.6 11.7 29.5 9 99.5 9 132.1s2.7 102.7-9 132.1z\"><\/path>\n\t            <\/svg>            <span>S\u00edguenos en Instagram<\/span>\r\n        <\/a>\r\n    <\/span>\r\n\t\r\n<\/div>\r\n\r\n\t    <span class=\"sbi_resized_image_data\" data-feed-id=\"*2\" data-resized=\"[]\">\n\t<\/span>\n\t<\/div>\r\n\r\n\t\t<\/div>\n\t\t\t\t<\/div>\n\t\t\t\t<\/div>\n\t\t<div class=\"elementor-element elementor-element-d0b1484 e-con-full e-flex e-con e-child\" data-id=\"d0b1484\" data-element_type=\"container\">\n\t\t\t\t<\/div>\n\t\t\t\t\t<\/div>\n\t\t\t\t<\/div>\n\t\t\t\t<\/div>\n\t\t","protected":false},"excerpt":{"rendered":"<p>La Maja Mina Encuentros Vicheros Publicaciones Viche La Siempre Viva Viche La Siempre Viva Viche La Siempre Viva es un emprendimiento cultural de bebidas ancestrales del Pac\u00edfico Colombiano, que nace en el a\u00f1o 2019 en el Distrito de Aguablanca Oriente de Cali, un proyecto familiar creado por la poeta, vichera y gestora cultural Mayra Alejandra [&hellip;]<\/p>\n","protected":false},"author":1,"featured_media":0,"parent":0,"menu_order":0,"comment_status":"closed","ping_status":"closed","template":"","meta":{"footnotes":""},"_links":{"self":[{"href":"https:\/\/lamajamina.com\/index.php\/wp-json\/wp\/v2\/pages\/8079"}],"collection":[{"href":"https:\/\/lamajamina.com\/index.php\/wp-json\/wp\/v2\/pages"}],"about":[{"href":"https:\/\/lamajamina.com\/index.php\/wp-json\/wp\/v2\/types\/page"}],"author":[{"embeddable":true,"href":"https:\/\/lamajamina.com\/index.php\/wp-json\/wp\/v2\/users\/1"}],"replies":[{"embeddable":true,"href":"https:\/\/lamajamina.com\/index.php\/wp-json\/wp\/v2\/comments?post=8079"}],"version-history":[{"count":31,"href":"https:\/\/lamajamina.com\/index.php\/wp-json\/wp\/v2\/pages\/8079\/revisions"}],"predecessor-version":[{"id":8163,"href":"https:\/\/lamajamina.com\/index.php\/wp-json\/wp\/v2\/pages\/8079\/revisions\/8163"}],"wp:attachment":[{"href":"https:\/\/lamajamina.com\/index.php\/wp-json\/wp\/v2\/media?parent=8079"}],"curies":[{"name":"wp","href":"https:\/\/api.w.org\/{rel}","templated":true}]}}